{"id":487,"date":"2017-01-13T19:40:21","date_gmt":"2017-01-13T19:40:21","guid":{"rendered":"http:\/\/logusinformatica.net\/?page_id=487"},"modified":"2017-01-24T22:09:37","modified_gmt":"2017-01-24T22:09:37","slug":"adobe-after-effects","status":"publish","type":"page","link":"http:\/\/logusinformatica.net\/?page_id=487","title":{"rendered":"Adobe After Effects"},"content":{"rendered":"<h1 class=\"entry-title\" style=\"text-align: center;\" data-fontsize=\"18\" data-lineheight=\"25\"><img loading=\"lazy\" class=\"aligncenter wp-image-496\" src=\"http:\/\/logusinformatica.net\/wp-content\/uploads\/2017\/01\/cursos_adobe_aftereffects.jpg\" width=\"1000\" height=\"420\" srcset=\"http:\/\/logusinformatica.net\/wp-content\/uploads\/2017\/01\/cursos_adobe_aftereffects.jpg 800w, http:\/\/logusinformatica.net\/wp-content\/uploads\/2017\/01\/cursos_adobe_aftereffects-300x126.jpg 300w, http:\/\/logusinformatica.net\/wp-content\/uploads\/2017\/01\/cursos_adobe_aftereffects-768x323.jpg 768w\" sizes=\"(max-width: 1000px) 100vw, 1000px\" \/><\/h1>\n<h1 class=\"entry-title\" style=\"text-align: center;\" data-fontsize=\"18\" data-lineheight=\"25\"><span style=\"color: #ff0000;\">Adobe After Effects<\/span><\/h1>\n<p>O After Effects trata-se de um poderoso software para criar imagens em movimento, ou seja, anima\u00e7\u00f5es, aplicar efeitos visuais e corrigir cores utilizando ferramentas flex\u00edveis que o ajudam a poupar muito tempo, mas sem deixar a criatividade de lado. Este Software tem como principal objetivo ser voltado \u00e0 p\u00f3s-edi\u00e7\u00e3o, ou seja, um programa para fazer ajustes e criar efeitos em cima de um v\u00eddeo que j\u00e1 foi editado, trazendo o m\u00e1ximo de controle para que voc\u00ea crie v\u00eddeos com efeitos de qualidade profissional, em projetos de alta resolu\u00e7\u00e3o e com extrema efici\u00eancia. Neste curso o aluno aprender\u00e1 a criar anima\u00e7\u00f5es, editar, corrigir, etc, V\u00eddeos j\u00e1 pr\u00e9-criados estando apto a desenvolver e animar document\u00e1rios, publicidades dentre outros v\u00eddeos.<\/p>\n<p><span class=\"display-counter\" data-value=\"18\" data-direction=\"up\">18<\/span><span class=\"unit\">Horas<\/span><\/p>\n","protected":false},"excerpt":{"rendered":"<p>Adobe After Effects O After Effects trata-se de um poderoso software para criar imagens em movimento, ou seja, anima\u00e7\u00f5es, aplicar efeitos visuais e corrigir cores utilizando ferramentas flex\u00edveis que o ajudam a poupar muito tempo, mas sem deixar a criatividade de lado. Este Software tem como principal objetivo ser voltado \u00e0 p\u00f3s-edi\u00e7\u00e3o, ou seja, um [&hellip;]<\/p>\n","protected":false},"author":1,"featured_media":755,"parent":0,"menu_order":0,"comment_status":"closed","ping_status":"closed","template":"","meta":[],"_links":{"self":[{"href":"http:\/\/logusinformatica.net\/index.php?rest_route=\/wp\/v2\/pages\/487"}],"collection":[{"href":"http:\/\/logusinformatica.net\/index.php?rest_route=\/wp\/v2\/pages"}],"about":[{"href":"http:\/\/logusinformatica.net\/index.php?rest_route=\/wp\/v2\/types\/page"}],"author":[{"embeddable":true,"href":"http:\/\/logusinformatica.net\/index.php?rest_route=\/wp\/v2\/users\/1"}],"replies":[{"embeddable":true,"href":"http:\/\/logusinformatica.net\/index.php?rest_route=%2Fwp%2Fv2%2Fcomments&post=487"}],"version-history":[{"count":7,"href":"http:\/\/logusinformatica.net\/index.php?rest_route=\/wp\/v2\/pages\/487\/revisions"}],"predecessor-version":[{"id":497,"href":"http:\/\/logusinformatica.net\/index.php?rest_route=\/wp\/v2\/pages\/487\/revisions\/497"}],"wp:featuredmedia":[{"embeddable":true,"href":"http:\/\/logusinformatica.net\/index.php?rest_route=\/wp\/v2\/media\/755"}],"wp:attachment":[{"href":"http:\/\/logusinformatica.net\/index.php?rest_route=%2Fwp%2Fv2%2Fmedia&parent=487"}],"curies":[{"name":"wp","href":"https:\/\/api.w.org\/{rel}","templated":true}]}}