{"id":481,"date":"2017-01-13T19:36:50","date_gmt":"2017-01-13T19:36:50","guid":{"rendered":"http:\/\/logusinformatica.net\/?page_id=481"},"modified":"2022-07-19T23:03:49","modified_gmt":"2022-07-19T23:03:49","slug":"3d-studio-max-modulo-1","status":"publish","type":"page","link":"http:\/\/logusinformatica.net\/?page_id=481","title":{"rendered":"3D Studio Max \u2013 M\u00f3dulo 1"},"content":{"rendered":"\n\t<h3 style=\"text-align: center;\"><img loading=\"lazy\" src=\"http:\/\/logusinformatica.net\/wp-content\/uploads\/2017\/01\/cursos_3dmax_mod1-2.jpg\" width=\"1000\" height=\"420\" \/>3D Studio Max &#8211; M\u00f3dulo 1<\/h3>\n<p>O 3D Studio Max \u00e9 um\u00a0software\u00a0de\u00a0modelagem tridimensional\u00a0que permite\u00a0renderiza\u00e7\u00e3o\u00a0de\u00a0imagens\u00a0e anima\u00e7\u00f5es se tratando de um software voltado para as necessidades de diversas \u00e1reas, como: arquitetura, design, engenharia, publicidade, cinema etc. Pode-se dizer que suas possibilidades s\u00e3o quase infinitas quando o objetivo \u00e9 a cria\u00e7\u00e3o, quer seja na \u00e1rea de desenho ou de produ\u00e7\u00e3o de filmes animados, cria\u00e7\u00e3o de personagens e fases de games e na cria\u00e7\u00e3o de qualquer mundo virtual, h\u00e1 anos v\u00eam sendo a aplica\u00e7\u00e3o l\u00edder no mercado de desenho e anima\u00e7\u00e3o em 3D. No curso de 3D Studio seu aluno aprender\u00e1 a criar as mais variadas pe\u00e7as, conhecendo as fun\u00e7\u00f5es das ferramentas mais utilizadas, assim como as diversas t\u00e9cnicas de modelagem encontradas neste software, estar\u00e1 preparado para utilizar estes conhecimentos no mercado de trabalho. O indicado \u00e9 que antes do Aluno estar em contato com este curso, ele tenha conhecimento b\u00e1sico em inform\u00e1tica. Tendo desta forma um melhor aproveitamento do curso de 3D Studio.<\/p>\n<p>21Horas<\/p>\n","protected":false},"excerpt":{"rendered":"<p>3D Studio Max &#8211; M\u00f3dulo 1 O 3D Studio Max \u00e9 um\u00a0software\u00a0de\u00a0modelagem tridimensional\u00a0que permite\u00a0renderiza\u00e7\u00e3o\u00a0de\u00a0imagens\u00a0e anima\u00e7\u00f5es se tratando de um software voltado para as necessidades de diversas \u00e1reas, como: arquitetura, design, engenharia, publicidade, cinema etc. Pode-se dizer que suas possibilidades s\u00e3o quase infinitas quando o objetivo \u00e9 a cria\u00e7\u00e3o, quer seja na \u00e1rea de desenho ou [&hellip;]<\/p>\n","protected":false},"author":1,"featured_media":756,"parent":0,"menu_order":0,"comment_status":"closed","ping_status":"closed","template":"","meta":[],"_links":{"self":[{"href":"http:\/\/logusinformatica.net\/index.php?rest_route=\/wp\/v2\/pages\/481"}],"collection":[{"href":"http:\/\/logusinformatica.net\/index.php?rest_route=\/wp\/v2\/pages"}],"about":[{"href":"http:\/\/logusinformatica.net\/index.php?rest_route=\/wp\/v2\/types\/page"}],"author":[{"embeddable":true,"href":"http:\/\/logusinformatica.net\/index.php?rest_route=\/wp\/v2\/users\/1"}],"replies":[{"embeddable":true,"href":"http:\/\/logusinformatica.net\/index.php?rest_route=%2Fwp%2Fv2%2Fcomments&post=481"}],"version-history":[{"count":7,"href":"http:\/\/logusinformatica.net\/index.php?rest_route=\/wp\/v2\/pages\/481\/revisions"}],"predecessor-version":[{"id":1042,"href":"http:\/\/logusinformatica.net\/index.php?rest_route=\/wp\/v2\/pages\/481\/revisions\/1042"}],"wp:featuredmedia":[{"embeddable":true,"href":"http:\/\/logusinformatica.net\/index.php?rest_route=\/wp\/v2\/media\/756"}],"wp:attachment":[{"href":"http:\/\/logusinformatica.net\/index.php?rest_route=%2Fwp%2Fv2%2Fmedia&parent=481"}],"curies":[{"name":"wp","href":"https:\/\/api.w.org\/{rel}","templated":true}]}}