{"id":467,"date":"2017-01-13T19:07:07","date_gmt":"2017-01-13T19:07:07","guid":{"rendered":"http:\/\/logusinformatica.net\/?page_id=467"},"modified":"2017-01-14T22:08:36","modified_gmt":"2017-01-14T22:08:36","slug":"windows-10","status":"publish","type":"page","link":"http:\/\/logusinformatica.net\/?page_id=467","title":{"rendered":"WINDOWS 10"},"content":{"rendered":"<div class=\"fusion-layout-column fusion_builder_column fusion_builder_column_1_2 fusion-one-half fusion-column-first 1_2\">\n<div class=\"fusion-column-wrapper\" data-bg-url=\"\">\n<h2 style=\"text-align: center;\" data-fontsize=\"18\" data-lineheight=\"27\"><img loading=\"lazy\" class=\"aligncenter wp-image-477 size-full\" src=\"http:\/\/logusinformatica.net\/wp-content\/uploads\/2017\/01\/windows-10-1.png\" width=\"1000\" height=\"420\" srcset=\"http:\/\/logusinformatica.net\/wp-content\/uploads\/2017\/01\/windows-10-1.png 1000w, http:\/\/logusinformatica.net\/wp-content\/uploads\/2017\/01\/windows-10-1-300x126.png 300w, http:\/\/logusinformatica.net\/wp-content\/uploads\/2017\/01\/windows-10-1-768x323.png 768w\" sizes=\"(max-width: 1000px) 100vw, 1000px\" \/><\/h2>\n<h2 style=\"text-align: center;\" data-fontsize=\"18\" data-lineheight=\"27\"><span style=\"color: #ff0000;\"><strong>Descubra um novo mundo com o Windows 10<\/strong><\/span><\/h2>\n<p>O Microsoft Windows ainda continua sendo o Sistema Operacional mais utilizado no mundo. Esta nova vers\u00e3o traz v\u00e1rias novidades, al\u00e9m de ter sido criado para ser mais \u00e1gil. O aluno aprender\u00e1 desde comandos b\u00e1sicos como gerenciar pastas e arquivos no computador e tamb\u00e9m atrav\u00e9s de dispositivos m\u00f3veis (Pen Drives), at\u00e9 funcionalidades mais complexas do Windows 10 como cria\u00e7\u00e3o e gerenciamento de e-mails, al\u00e9m de conhecer algumas das novidades mais incr\u00edveis do Windows 10, como por exemplo a Cortana, a assistente inteligente da Microsoft.<\/p>\n<div class=\"fusion-clearfix\">\n<div class=\"fusion-layout-column fusion_builder_column fusion_builder_column_1_4 fusion-one-fourth 1_4\">\n<div class=\"fusion-column-wrapper\" data-bg-url=\"\">\n<div class=\"fusion-counters-box counters-box row fusion-clearfix fusion-columns-1\">\n<div class=\"fusion-counter-box fusion-column col-counter-box counter-box-wrapper col-lg-12 col-md-12 col-sm-12\" data-animationoffset=\"100%\">\n<div class=\"counter-box-container\">\n<div class=\"content-box-percentage content-box-counter\"><span class=\"display-counter\" data-value=\"17\" data-direction=\"up\">17<\/span><span class=\"unit\">Horas<\/span><\/div>\n<\/div>\n<\/div>\n<\/div>\n<\/div>\n<\/div>\n<div class=\"fusion-layout-column fusion_builder_column fusion_builder_column_1_4 fusion-one-fourth fusion-column-last 1_4\">\n<div class=\"fusion-column-wrapper\" data-bg-url=\"\">\n<div class=\"content-box-percentage content-box-counter\"><span class=\"display-counter\" data-value=\"2\" data-direction=\"up\">\u00a0<\/span><\/div>\n<\/div>\n<\/div>\n<\/div>\n<\/div>\n<div class=\"fusion-clearfix\"><\/div>\n<\/div>\n","protected":false},"excerpt":{"rendered":"<p>Descubra um novo mundo com o Windows 10 O Microsoft Windows ainda continua sendo o Sistema Operacional mais utilizado no mundo. Esta nova vers\u00e3o traz v\u00e1rias novidades, al\u00e9m de ter sido criado para ser mais \u00e1gil. O aluno aprender\u00e1 desde comandos b\u00e1sicos como gerenciar pastas e arquivos no computador e tamb\u00e9m atrav\u00e9s de dispositivos m\u00f3veis [&hellip;]<\/p>\n","protected":false},"author":1,"featured_media":754,"parent":0,"menu_order":0,"comment_status":"closed","ping_status":"closed","template":"","meta":[],"_links":{"self":[{"href":"http:\/\/logusinformatica.net\/index.php?rest_route=\/wp\/v2\/pages\/467"}],"collection":[{"href":"http:\/\/logusinformatica.net\/index.php?rest_route=\/wp\/v2\/pages"}],"about":[{"href":"http:\/\/logusinformatica.net\/index.php?rest_route=\/wp\/v2\/types\/page"}],"author":[{"embeddable":true,"href":"http:\/\/logusinformatica.net\/index.php?rest_route=\/wp\/v2\/users\/1"}],"replies":[{"embeddable":true,"href":"http:\/\/logusinformatica.net\/index.php?rest_route=%2Fwp%2Fv2%2Fcomments&post=467"}],"version-history":[{"count":8,"href":"http:\/\/logusinformatica.net\/index.php?rest_route=\/wp\/v2\/pages\/467\/revisions"}],"predecessor-version":[{"id":753,"href":"http:\/\/logusinformatica.net\/index.php?rest_route=\/wp\/v2\/pages\/467\/revisions\/753"}],"wp:featuredmedia":[{"embeddable":true,"href":"http:\/\/logusinformatica.net\/index.php?rest_route=\/wp\/v2\/media\/754"}],"wp:attachment":[{"href":"http:\/\/logusinformatica.net\/index.php?rest_route=%2Fwp%2Fv2%2Fmedia&parent=467"}],"curies":[{"name":"wp","href":"https:\/\/api.w.org\/{rel}","templated":true}]}}